{"id":1034,"date":"2022-02-02T16:40:47","date_gmt":"2022-02-02T15:40:47","guid":{"rendered":"https:\/\/www.centroastoria.com\/meteo\/"},"modified":"2022-02-02T16:40:48","modified_gmt":"2022-02-02T15:40:48","slug":"meteo","status":"publish","type":"page","link":"https:\/\/www.centroastoria.it\/fr\/meteo\/","title":{"rendered":"M\u00e9t\u00e9o"},"content":{"rendered":"<div class=\"fusion-fullwidth fullwidth-box fusion-builder-row-1 fusion-flex-container nonhundred-percent-fullwidth non-hundred-percent-height-scrolling\" style=\"background-color: #0a7f96;background-position: center center;background-repeat: no-repeat;border-width: 0px 0px 0px 0px;border-color:#e2e2e2;border-style:solid;\" ><div class=\"fusion-builder-row fusion-row fusion-flex-align-items-flex-start\" style=\"max-width:1248px;margin-left: calc(-4% \/ 2 );margin-right: calc(-4% \/ 2 );\"><div class=\"fusion-layout-column fusion_builder_column fusion-builder-column-0 fusion_builder_column_1_1 1_1 fusion-flex-column\"><div class=\"fusion-column-wrapper fusion-flex-justify-content-flex-start fusion-content-layout-column\" style=\"background-position:left top;background-repeat:no-repeat;-webkit-background-size:cover;-moz-background-size:cover;-o-background-size:cover;background-size:cover;padding: 0px 0px 0px 0px;\"><div class=\"fusion-text fusion-text-1\"><h2 style=\"text-align: center;\"><span style=\"color: #ffffff;\">Vous vous demandez ceci : Quel temps fait-il \u00e0 Sottomarina? \u00ab\u00a0<\/span><\/h2>\n<p style=\"text-align: center;\"><span style=\"color: #ffffff;\">Le Centro Astoria a install\u00e9 cette webcam pour vous permettre d\u2019observer notre fantastique plage, et de conna\u00eetre les conditions m\u00e9t\u00e9orologiques en temps r\u00e9el!<\/span><\/p>\n<\/div><div class=\"iframe-container\">\r\n<div class=\"w-embed w-iframe\"><iframe class=\"responsive-iframe\" src=\"https:\/\/g0.ipcamlive.com\/player\/player.php?alias=573c49f1b13ff\" frameborder=\"0\" allowfullscreen=\"allowfullscreen\"><\/iframe> <style>\r\n.iframe-container {<br \/>\r\n  position: relative;<br \/>\r\n  overflow: hidden;<br \/>\r\n  width: 100%;<br \/>\r\n  padding-top: 56.25%;<br \/>\r\n}<\/p>\r\n<p>.responsive-iframe {<br \/>\r\n  position: absolute;<br \/>\r\n  top: 0;<br \/>\r\n  left: 0;<br \/>\r\n  bottom: 0;<br \/>\r\n  right: 0;<br \/>\r\n  width: 100%;<br \/>\r\n  height: 100%;<br \/>\r\n}<br \/>\r\n<\/style><\/div>\r\n<\/div><\/div><style type=\"text\/css\">.fusion-body .fusion-builder-column-0{width:100% !important;margin-top : 0px;margin-bottom : 20px;}.fusion-builder-column-0 > .fusion-column-wrapper {padding-top : 0px !important;padding-right : 0px !important;margin-right : 1.92%;padding-bottom : 0px !important;padding-left : 0px !important;margin-left : 1.92%;}@media only screen and (max-width:1024px) {.fusion-body .fusion-builder-column-0{width:100% !important;order : 0;}.fusion-builder-column-0 > .fusion-column-wrapper {margin-right : 1.92%;margin-left : 1.92%;}}@media only screen and (max-width:640px) {.fusion-body .fusion-builder-column-0{width:100% !important;order : 0;}.fusion-builder-column-0 > .fusion-column-wrapper {margin-right : 1.92%;margin-left : 1.92%;}}<\/style><\/div><\/div><style type=\"text\/css\">.fusion-body .fusion-flex-container.fusion-builder-row-1{ padding-top : 50px;margin-top : 0;padding-right : 0px;padding-bottom : 50px;margin-bottom : 0;padding-left : 0px;}<\/style><\/div>\n","protected":false},"excerpt":{"rendered":"","protected":false},"author":2,"featured_media":0,"parent":0,"menu_order":0,"comment_status":"closed","ping_status":"closed","template":"100-width.php","meta":{"om_disable_all_campaigns":false,"inline_featured_image":false,"footnotes":""},"class_list":["post-1034","page","type-page","status-publish","hentry"],"aioseo_notices":[],"yoast_head":"<!-- This site is optimized with the Yoast SEO Premium plugin v20.1 (Yoast SEO v20.1) - https:\/\/yoast.com\/wordpress\/plugins\/seo\/ -->\n<title>M\u00e9t\u00e9o - Centro Astoria<\/title>\n<meta name=\"robots\" content=\"index, follow, max-snippet:-1, max-image-preview:large, max-video-preview:-1\" \/>\n<link rel=\"canonical\" href=\"https:\/\/www.centroastoria.it\/fr\/meteo\/\" \/>\n<meta property=\"og:locale\" content=\"fr_FR\" \/>\n<meta property=\"og:type\" content=\"article\" \/>\n<meta property=\"og:title\" content=\"M\u00e9t\u00e9o\" \/>\n<meta property=\"og:url\" content=\"https:\/\/www.centroastoria.it\/fr\/meteo\/\" \/>\n<meta property=\"og:site_name\" content=\"Centro Astoria\" \/>\n<meta property=\"article:modified_time\" content=\"2022-02-02T15:40:48+00:00\" \/>\n<meta name=\"twitter:card\" content=\"summary_large_image\" \/>\n<meta name=\"twitter:label1\" content=\"Dur\u00e9e de lecture estim\u00e9e\" \/>\n\t<meta name=\"twitter:data1\" content=\"4 minutes\" \/>\n<script type=\"application\/ld+json\" class=\"yoast-schema-graph\">{\"@context\":\"https:\/\/schema.org\",\"@graph\":[{\"@type\":\"WebPage\",\"@id\":\"https:\/\/www.centroastoria.it\/fr\/meteo\/\",\"url\":\"https:\/\/www.centroastoria.it\/fr\/meteo\/\",\"name\":\"M\u00e9t\u00e9o - Centro Astoria\",\"isPartOf\":{\"@id\":\"https:\/\/www.centroastoria.it\/#website\"},\"datePublished\":\"2022-02-02T15:40:47+00:00\",\"dateModified\":\"2022-02-02T15:40:48+00:00\",\"breadcrumb\":{\"@id\":\"https:\/\/www.centroastoria.it\/fr\/meteo\/#breadcrumb\"},\"inLanguage\":\"fr-FR\",\"potentialAction\":[{\"@type\":\"ReadAction\",\"target\":[\"https:\/\/www.centroastoria.it\/fr\/meteo\/\"]}]},{\"@type\":\"BreadcrumbList\",\"@id\":\"https:\/\/www.centroastoria.it\/fr\/meteo\/#breadcrumb\",\"itemListElement\":[{\"@type\":\"ListItem\",\"position\":1,\"name\":\"Home\",\"item\":\"https:\/\/www.centroastoria.it\/fr\/\"},{\"@type\":\"ListItem\",\"position\":2,\"name\":\"M\u00e9t\u00e9o\"}]},{\"@type\":\"WebSite\",\"@id\":\"https:\/\/www.centroastoria.it\/#website\",\"url\":\"https:\/\/www.centroastoria.it\/\",\"name\":\"Centro Astoria\",\"description\":\"Le tue vacanze in centro a Sottomarina!\",\"potentialAction\":[{\"@type\":\"SearchAction\",\"target\":{\"@type\":\"EntryPoint\",\"urlTemplate\":\"https:\/\/www.centroastoria.it\/?s={search_term_string}\"},\"query-input\":\"required name=search_term_string\"}],\"inLanguage\":\"fr-FR\"}]}<\/script>\n<!-- \/ Yoast SEO Premium plugin. -->","yoast_head_json":{"title":"M\u00e9t\u00e9o - Centro Astoria","robots":{"index":"index","follow":"follow","max-snippet":"max-snippet:-1","max-image-preview":"max-image-preview:large","max-video-preview":"max-video-preview:-1"},"canonical":"https:\/\/www.centroastoria.it\/fr\/meteo\/","og_locale":"fr_FR","og_type":"article","og_title":"M\u00e9t\u00e9o","og_url":"https:\/\/www.centroastoria.it\/fr\/meteo\/","og_site_name":"Centro Astoria","article_modified_time":"2022-02-02T15:40:48+00:00","twitter_card":"summary_large_image","twitter_misc":{"Dur\u00e9e de lecture estim\u00e9e":"4 minutes"},"schema":{"@context":"https:\/\/schema.org","@graph":[{"@type":"WebPage","@id":"https:\/\/www.centroastoria.it\/fr\/meteo\/","url":"https:\/\/www.centroastoria.it\/fr\/meteo\/","name":"M\u00e9t\u00e9o - Centro Astoria","isPartOf":{"@id":"https:\/\/www.centroastoria.it\/#website"},"datePublished":"2022-02-02T15:40:47+00:00","dateModified":"2022-02-02T15:40:48+00:00","breadcrumb":{"@id":"https:\/\/www.centroastoria.it\/fr\/meteo\/#breadcrumb"},"inLanguage":"fr-FR","potentialAction":[{"@type":"ReadAction","target":["https:\/\/www.centroastoria.it\/fr\/meteo\/"]}]},{"@type":"BreadcrumbList","@id":"https:\/\/www.centroastoria.it\/fr\/meteo\/#breadcrumb","itemListElement":[{"@type":"ListItem","position":1,"name":"Home","item":"https:\/\/www.centroastoria.it\/fr\/"},{"@type":"ListItem","position":2,"name":"M\u00e9t\u00e9o"}]},{"@type":"WebSite","@id":"https:\/\/www.centroastoria.it\/#website","url":"https:\/\/www.centroastoria.it\/","name":"Centro Astoria","description":"Le tue vacanze in centro a Sottomarina!","potentialAction":[{"@type":"SearchAction","target":{"@type":"EntryPoint","urlTemplate":"https:\/\/www.centroastoria.it\/?s={search_term_string}"},"query-input":"required name=search_term_string"}],"inLanguage":"fr-FR"}]}},"_links":{"self":[{"href":"https:\/\/www.centroastoria.it\/fr\/wp-json\/wp\/v2\/pages\/1034","targetHints":{"allow":["GET"]}}],"collection":[{"href":"https:\/\/www.centroastoria.it\/fr\/wp-json\/wp\/v2\/pages"}],"about":[{"href":"https:\/\/www.centroastoria.it\/fr\/wp-json\/wp\/v2\/types\/page"}],"author":[{"embeddable":true,"href":"https:\/\/www.centroastoria.it\/fr\/wp-json\/wp\/v2\/users\/2"}],"replies":[{"embeddable":true,"href":"https:\/\/www.centroastoria.it\/fr\/wp-json\/wp\/v2\/comments?post=1034"}],"version-history":[{"count":2,"href":"https:\/\/www.centroastoria.it\/fr\/wp-json\/wp\/v2\/pages\/1034\/revisions"}],"predecessor-version":[{"id":1036,"href":"https:\/\/www.centroastoria.it\/fr\/wp-json\/wp\/v2\/pages\/1034\/revisions\/1036"}],"wp:attachment":[{"href":"https:\/\/www.centroastoria.it\/fr\/wp-json\/wp\/v2\/media?parent=1034"}],"curies":[{"name":"wp","href":"https:\/\/api.w.org\/{rel}","templated":true}]}}